{"id":2,"date":"2017-11-28T12:18:26","date_gmt":"2017-11-28T11:18:26","guid":{"rendered":"http:\/\/cafeauguste.com\/?page_id=2"},"modified":"2021-06-14T16:34:30","modified_gmt":"2021-06-14T14:34:30","slug":"page-d-exemple","status":"publish","type":"page","link":"https:\/\/cafeauguste.com\/?page_id=2","title":{"rendered":"POURQUOI AUGUSTE ?"},"content":{"rendered":"<p>LA PETITE HISTOIRE :<\/p>\n<p>Aux alentours de 1850, s\u2019ouvre un caf\u00e9 en face de la facult\u00e9 de m\u00e9decine\u00a0: il s\u2019appelle alors le \u00ab\u00a0Caf\u00e9 St Julien\u00a0\u00bb. Il devient rapidement le lieu de d\u00e9tente privil\u00e9gi\u00e9 de nombreux \u00e9tudiants, au point d\u2019\u00eatre rebaptis\u00e9 en 1887 \u00ab\u00a0Caf\u00e9 de la Facult\u00e9\u00a0\u00bb, puis \u00ab\u00a0Grand Caf\u00e9 de la Facult\u00e9\u00a0\u00bb.<\/p>\n<p>C\u2019est \u00e0 cette \u00e9poque qu\u2019un gar\u00e7on de caf\u00e9 de 16 ans, Auguste LABRUFFE, int\u00e8gre l\u2019\u00e9tablissement. Auguste est b\u00e9arnais, travailleur, aimable, dr\u00f4le et fac\u00e9tieux. Rapidement, l\u2019on se retrouve \u00ab\u00a0chez Auguste\u00a0\u00bb, on va faire un billard \u00ab\u00a0chez Auguste\u00a0\u00bb\u2026 Il y restera 56 ans.<\/p>\n<p>Les g\u00e9n\u00e9rations enti\u00e8res d\u2019\u00e9tudiants l\u2019ayant c\u00f4toy\u00e9 finirent par lui rendre un joli hommage\u00a0: baptiser de son nom le lieu attitr\u00e9 de leurs rendez-vous. \u00ab\u00a0Chez Auguste\u00a0\u00bb est devenu une institution.<\/p>\n","protected":false},"excerpt":{"rendered":"<p>LA PETITE HISTOIRE : Aux alentours de 1850, s\u2019ouvre un caf\u00e9 en face de la facult\u00e9 de m\u00e9decine\u00a0: il s\u2019appelle alors le \u00ab\u00a0Caf\u00e9 St Julien\u00a0\u00bb. Il devient rapidement le lieu de d\u00e9tente privil\u00e9gi\u00e9 de nombreux \u00e9tudiants, au point d\u2019\u00eatre rebaptis\u00e9 en 1887 \u00ab\u00a0Caf\u00e9 de la Facult\u00e9\u00a0\u00bb, puis \u00ab\u00a0Grand Caf\u00e9 de la Facult\u00e9\u00a0\u00bb. C\u2019est \u00e0 cette &hellip; <\/p>\n<p class=\"link-more\"><a href=\"https:\/\/cafeauguste.com\/?page_id=2\" class=\"more-link\">Continue reading<span class=\"screen-reader-text\"> &#8220;POURQUOI AUGUSTE ?&#8221;<\/span><\/a><\/p>\n","protected":false},"author":1,"featured_media":0,"parent":0,"menu_order":0,"comment_status":"closed","ping_status":"open","template":"","meta":[],"_links":{"self":[{"href":"https:\/\/cafeauguste.com\/index.php?rest_route=\/wp\/v2\/pages\/2"}],"collection":[{"href":"https:\/\/cafeauguste.com\/index.php?rest_route=\/wp\/v2\/pages"}],"about":[{"href":"https:\/\/cafeauguste.com\/index.php?rest_route=\/wp\/v2\/types\/page"}],"author":[{"embeddable":true,"href":"https:\/\/cafeauguste.com\/index.php?rest_route=\/wp\/v2\/users\/1"}],"replies":[{"embeddable":true,"href":"https:\/\/cafeauguste.com\/index.php?rest_route=%2Fwp%2Fv2%2Fcomments&post=2"}],"version-history":[{"count":2,"href":"https:\/\/cafeauguste.com\/index.php?rest_route=\/wp\/v2\/pages\/2\/revisions"}],"predecessor-version":[{"id":52,"href":"https:\/\/cafeauguste.com\/index.php?rest_route=\/wp\/v2\/pages\/2\/revisions\/52"}],"wp:attachment":[{"href":"https:\/\/cafeauguste.com\/index.php?rest_route=%2Fwp%2Fv2%2Fmedia&parent=2"}],"curies":[{"name":"wp","href":"https:\/\/api.w.org\/{rel}","templated":true}]}}